{"id":371,"date":"2023-04-03T00:08:23","date_gmt":"2023-04-02T22:08:23","guid":{"rendered":"https:\/\/andreasalondebienetre.ch\/?page_id=371"},"modified":"2026-04-29T18:04:32","modified_gmt":"2026-04-29T16:04:32","slug":"reservations","status":"publish","type":"page","link":"https:\/\/andreasalondebienetre.ch\/en\/reservations\/","title":{"rendered":"Book your treatment"},"content":{"rendered":"<div data-elementor-type=\"wp-page\" data-elementor-id=\"371\" class=\"elementor elementor-371\" data-elementor-post-type=\"page\">\n\t\t\t\t\t\t<section class=\"elementor-section elementor-top-section elementor-element elementor-element-137f244 elementor-section-boxed elementor-section-height-default elementor-section-height-default\" data-id=\"137f244\" data-element_type=\"section\" data-e-type=\"section\">\n\t\t\t\t\t\t<div class=\"elementor-container elementor-column-gap-default\">\n\t\t\t\t\t<div class=\"elementor-column elementor-col-100 elementor-top-column elementor-element elementor-element-a3e6de5\" data-id=\"a3e6de5\" data-element_type=\"column\" data-e-type=\"column\">\n\t\t\t<div class=\"elementor-widget-wrap elementor-element-populated\">\n\t\t\t\t\t\t<div class=\"elementor-element elementor-element-df2bf71 elementor-widget elementor-widget-spacer\" data-id=\"df2bf71\" data-element_type=\"widget\" data-e-type=\"widget\" data-widget_type=\"spacer.default\">\n\t\t\t\t<div class=\"elementor-widget-container\">\n\t\t\t\t\t\t\t<div class=\"elementor-spacer\">\n\t\t\t<div class=\"elementor-spacer-inner\"><\/div>\n\t\t<\/div>\n\t\t\t\t\t\t<\/div>\n\t\t\t\t<\/div>\n\t\t\t\t<div class=\"elementor-element elementor-element-fd0f82d elementor-widget elementor-widget-heading\" data-id=\"fd0f82d\" data-element_type=\"widget\" data-e-type=\"widget\" data-widget_type=\"heading.default\">\n\t\t\t\t<div class=\"elementor-widget-container\">\n\t\t\t\t\t<h1 class=\"elementor-heading-title elementor-size-default\">Book your treatment online<\/h1>\t\t\t\t<\/div>\n\t\t\t\t<\/div>\n\t\t\t\t<div class=\"elementor-element elementor-element-4317d9a elementor-widget elementor-widget-text-editor\" data-id=\"4317d9a\" data-element_type=\"widget\" data-e-type=\"widget\" data-widget_type=\"text-editor.default\">\n\t\t\t\t<div class=\"elementor-widget-container\">\n\t\t\t\t\t\t\t\t\t<p>Look no further to book your treatment. Our integrated booking form allows you to simply book your treatment according to salon availability.\u00a0\u00a0<\/p>\t\t\t\t\t\t\t\t<\/div>\n\t\t\t\t<\/div>\n\t\t\t\t<div class=\"elementor-element elementor-element-49773d9 elementor-widget elementor-widget-spacer\" data-id=\"49773d9\" data-element_type=\"widget\" data-e-type=\"widget\" data-widget_type=\"spacer.default\">\n\t\t\t\t<div class=\"elementor-widget-container\">\n\t\t\t\t\t\t\t<div class=\"elementor-spacer\">\n\t\t\t<div class=\"elementor-spacer-inner\"><\/div>\n\t\t<\/div>\n\t\t\t\t\t\t<\/div>\n\t\t\t\t<\/div>\n\t\t\t\t\t<\/div>\n\t\t<\/div>\n\t\t\t\t\t<\/div>\n\t\t<\/section>\n\t\t\t\t<section class=\"elementor-section elementor-top-section elementor-element elementor-element-41577b7 elementor-section-boxed elementor-section-height-default elementor-section-height-default\" data-id=\"41577b7\" data-element_type=\"section\" data-e-type=\"section\">\n\t\t\t\t\t\t<div class=\"elementor-container elementor-column-gap-default\">\n\t\t\t\t\t<div class=\"elementor-column elementor-col-100 elementor-top-column elementor-element elementor-element-016dc0c\" data-id=\"016dc0c\" data-element_type=\"column\" data-e-type=\"column\">\n\t\t\t<div class=\"elementor-widget-wrap elementor-element-populated\">\n\t\t\t\t\t\t<div class=\"elementor-element elementor-element-b0545cc elementor-widget elementor-widget-bookly-widget-bookly-form\" data-id=\"b0545cc\" data-element_type=\"widget\" data-e-type=\"widget\" data-widget_type=\"bookly-widget-bookly-form.default\">\n\t\t\t\t<div class=\"elementor-widget-container\">\n\t\t\t\t\t<!--\nPlugin Name: Bookly - Responsive WordPress Appointment Booking and Scheduling Plugin\nPlugin URI: https:\/\/www.booking-wp-plugin.com\/?utm_source=bookly_admin&utm_medium=plugins_page&utm_campaign=plugins_page\nVersion: 27.5-->\n<style type=\"text\/css\">\n    :root {\n        --bookly-main-color: #c0ccb4 !important;\n        --bookly-color: #c0ccb4 !important;\n    }\n\n    <\/style><div class=\"bookly-css-root\">\n    <div id=\"bookly-form-container-6a032080aa138\" class=\"bookly-form\" data-form_id=\"\" aria-live=\"polite\">\n        <div style=\"text-align: center\"><img decoding=\"async\" src=\"https:\/\/andreasalondebienetre.ch\/wp-includes\/js\/tinymce\/skins\/lightgray\/img\/loader.gif\" alt=\"Loading...\"\/><\/div>\n    <\/div>\n<\/div>\n<script type=\"text\/javascript\">\n    (function (win, fn) {\n        var done = false, top = true,\n            doc = win.document,\n            root = doc.documentElement,\n            modern = doc.addEventListener,\n            add = modern ? 'addEventListener' : 'attachEvent',\n            rem = modern ? 'removeEventListener' : 'detachEvent',\n            pre = modern ? '' : 'on',\n            init = function (e) {\n                if (e.type == 'readystatechange') if (doc.readyState != 'complete') return;\n                (e.type == 'load' ? win : doc)[rem](pre + e.type, init, false);\n                if (!done) {\n                    done = true;\n                    fn.call(win, e.type || e);\n                }\n            },\n            poll = function () {\n                try {\n                    root.doScroll('left');\n                } catch (e) {\n                    setTimeout(poll, 50);\n                    return;\n                }\n                init('poll');\n            };\n        if (doc.readyState == 'complete') fn.call(win, 'lazy');\n        else {\n            if (!modern) if (root.doScroll) {\n                try {\n                    top = !win.frameElement;\n                } catch (e) {\n                }\n                if (top) poll();\n            }\n            doc[add](pre + 'DOMContentLoaded', init, false);\n            doc[add](pre + 'readystatechange', init, false);\n            win[add](pre + 'load', init, false);\n        }\n    })(window, function () {\n        window.bookly( {\"form_id\":\"6a032080aa138\",\"form_data\":{\"skip_service_step\":0,\"hide_service_part1\":0,\"hide_service_part2\":0,\"defaults\":{\"service_id\":0,\"staff_id\":1,\"location_id\":0,\"category_id\":0,\"units\":0,\"date_from\":0,\"time_from\":0,\"time_to\":0}},\"status\":{\"booking\":\"new\"},\"form_token\":null,\"skip_steps\":{\"service_part1\":0,\"service_part2\":0,\"extras\":1,\"time\":0,\"repeat\":1,\"cart\":1},\"errors\":{\"session_error\":\"Session error.\",\"form_id_error\":\"Form ID error.\",\"cart_item_not_available\":\"Le cr\\u00e9neau horaire s\\u00e9lectionn\\u00e9 n'est plus disponible. Merci d'en choisir un autre.\",\"pay_locally_not_available\":\"Pay locally is not available.\",\"invalid_gateway\":\"Invalid gateway.\",\"payment_error\":\"Error.\",\"incorrect_username_password\":\"Incorrect username or password.\"},\"form_attributes\":{\"hide_categories\":false,\"hide_services\":false,\"hide_staff_members\":true,\"show_number_of_persons\":false,\"hide_service_duration\":true,\"hide_locations\":true,\"hide_quantity\":true,\"hide_date\":false,\"hide_week_days\":false,\"hide_time_range\":false},\"use_client_time_zone\":0,\"defaults\":{\"service_id\":0,\"staff_id\":1,\"location_id\":0,\"category_id\":0},\"datepicker_mode\":\"text-accent\",\"facebook\":{\"enabled\":1,\"appId\":\"\"}} );\n    });\n<\/script>\t\t\t\t<\/div>\n\t\t\t\t<\/div>\n\t\t\t\t\t<\/div>\n\t\t<\/div>\n\t\t\t\t\t<\/div>\n\t\t<\/section>\n\t\t\t\t<section class=\"elementor-section elementor-top-section elementor-element elementor-element-0c531a7 elementor-section-boxed elementor-section-height-default elementor-section-height-default\" data-id=\"0c531a7\" data-element_type=\"section\" data-e-type=\"section\">\n\t\t\t\t\t\t<div class=\"elementor-container elementor-column-gap-default\">\n\t\t\t\t\t<div class=\"elementor-column elementor-col-100 elementor-top-column elementor-element elementor-element-2208ae2\" data-id=\"2208ae2\" data-element_type=\"column\" data-e-type=\"column\">\n\t\t\t<div class=\"elementor-widget-wrap elementor-element-populated\">\n\t\t\t\t\t\t<div class=\"elementor-element elementor-element-fe5305a elementor-widget elementor-widget-spacer\" data-id=\"fe5305a\" data-element_type=\"widget\" data-e-type=\"widget\" data-widget_type=\"spacer.default\">\n\t\t\t\t<div class=\"elementor-widget-container\">\n\t\t\t\t\t\t\t<div class=\"elementor-spacer\">\n\t\t\t<div class=\"elementor-spacer-inner\"><\/div>\n\t\t<\/div>\n\t\t\t\t\t\t<\/div>\n\t\t\t\t<\/div>\n\t\t\t\t<div class=\"elementor-element elementor-element-6cddf53 animated-slow elementor-invisible elementor-widget elementor-widget-image\" data-id=\"6cddf53\" data-element_type=\"widget\" data-e-type=\"widget\" data-settings=\"{&quot;_animation&quot;:&quot;fadeInUp&quot;}\" data-widget_type=\"image.default\">\n\t\t\t\t<div class=\"elementor-widget-container\">\n\t\t\t\t\t\t\t\t\t\t\t\t\t\t\t<img fetchpriority=\"high\" decoding=\"async\" width=\"800\" height=\"534\" src=\"https:\/\/andreasalondebienetre.ch\/wp-content\/uploads\/2023\/04\/pexels-tima-miroshnichenko-6187848-1024x683.jpg\" class=\"attachment-large size-large wp-image-373\" alt=\"andrea salon de bien \u00eatre \u00e0 Crans-Montana. Votre salon de massage et d&#039;\u00e9pilation\" srcset=\"https:\/\/andreasalondebienetre.ch\/wp-content\/uploads\/2023\/04\/pexels-tima-miroshnichenko-6187848-1024x683.jpg 1024w, https:\/\/andreasalondebienetre.ch\/wp-content\/uploads\/2023\/04\/pexels-tima-miroshnichenko-6187848-300x200.jpg 300w, https:\/\/andreasalondebienetre.ch\/wp-content\/uploads\/2023\/04\/pexels-tima-miroshnichenko-6187848-768x512.jpg 768w, https:\/\/andreasalondebienetre.ch\/wp-content\/uploads\/2023\/04\/pexels-tima-miroshnichenko-6187848-1536x1024.jpg 1536w, https:\/\/andreasalondebienetre.ch\/wp-content\/uploads\/2023\/04\/pexels-tima-miroshnichenko-6187848-2048x1365.jpg 2048w\" sizes=\"(max-width: 800px) 100vw, 800px\" \/>\t\t\t\t\t\t\t\t\t\t\t\t\t\t\t<\/div>\n\t\t\t\t<\/div>\n\t\t\t\t<div class=\"elementor-element elementor-element-d1a9e61 elementor-widget elementor-widget-spacer\" data-id=\"d1a9e61\" data-element_type=\"widget\" data-e-type=\"widget\" data-widget_type=\"spacer.default\">\n\t\t\t\t<div class=\"elementor-widget-container\">\n\t\t\t\t\t\t\t<div class=\"elementor-spacer\">\n\t\t\t<div class=\"elementor-spacer-inner\"><\/div>\n\t\t<\/div>\n\t\t\t\t\t\t<\/div>\n\t\t\t\t<\/div>\n\t\t\t\t\t<\/div>\n\t\t<\/div>\n\t\t\t\t\t<\/div>\n\t\t<\/section>\n\t\t\t\t<section class=\"elementor-section elementor-top-section elementor-element elementor-element-d269f73 elementor-section-boxed elementor-section-height-default elementor-section-height-default\" data-id=\"d269f73\" data-element_type=\"section\" data-e-type=\"section\">\n\t\t\t\t\t\t<div class=\"elementor-container elementor-column-gap-default\">\n\t\t\t\t\t<div class=\"elementor-column elementor-col-100 elementor-top-column elementor-element elementor-element-b15701d\" data-id=\"b15701d\" data-element_type=\"column\" data-e-type=\"column\">\n\t\t\t<div class=\"elementor-widget-wrap elementor-element-populated\">\n\t\t\t\t\t\t<div class=\"elementor-element elementor-element-2b4b659 elementor-widget elementor-widget-spacer\" data-id=\"2b4b659\" data-element_type=\"widget\" data-e-type=\"widget\" data-widget_type=\"spacer.default\">\n\t\t\t\t<div class=\"elementor-widget-container\">\n\t\t\t\t\t\t\t<div class=\"elementor-spacer\">\n\t\t\t<div class=\"elementor-spacer-inner\"><\/div>\n\t\t<\/div>\n\t\t\t\t\t\t<\/div>\n\t\t\t\t<\/div>\n\t\t\t\t<div class=\"elementor-element elementor-element-3aedfe6 elementor-widget elementor-widget-html\" data-id=\"3aedfe6\" data-element_type=\"widget\" data-e-type=\"widget\" data-widget_type=\"html.default\">\n\t\t\t\t<div class=\"elementor-widget-container\">\n\t\t\t\t\t<!--\r\n  \u2554\u2550\u2550\u2550\u2550\u2550\u2550\u2550\u2550\u2550\u2550\u2550\u2550\u2550\u2550\u2550\u2550\u2550\u2550\u2550\u2550\u2550\u2550\u2550\u2550\u2550\u2550\u2550\u2550\u2550\u2550\u2550\u2550\u2550\u2550\u2550\u2550\u2550\u2550\u2550\u2550\u2550\u2550\u2550\u2550\u2550\u2550\u2550\u2550\u2550\u2550\u2550\u2550\u2550\u2550\u2557\r\n  \u2551  SECTION PROMO \u2014 BONS CADEAUX                       \u2551\r\n  \u2551  \u00c0 coller en widget HTML Elementor sur :            \u2551\r\n  \u2551  Accueil \u00b7 Massages \u00b7 \u00c9pilations \u00b7 autres pages     \u2551\r\n  \u255a\u2550\u2550\u2550\u2550\u2550\u2550\u2550\u2550\u2550\u2550\u2550\u2550\u2550\u2550\u2550\u2550\u2550\u2550\u2550\u2550\u2550\u2550\u2550\u2550\u2550\u2550\u2550\u2550\u2550\u2550\u2550\u2550\u2550\u2550\u2550\u2550\u2550\u2550\u2550\u2550\u2550\u2550\u2550\u2550\u2550\u2550\u2550\u2550\u2550\u2550\u2550\u2550\u2550\u2550\u255d\r\n-->\r\n\r\n<style>\r\n  @import url('https:\/\/fonts.googleapis.com\/css2?family=Cormorant:ital,wght@0,400;0,600;1,300;1,400&family=DM+Sans:opsz,wght@9..40,300;9..40,400;9..40,500&display=swap');\r\n\r\n  .gc-promo *, .gc-promo *::before, .gc-promo *::after { box-sizing: border-box; }\r\n\r\n  \/* \u2500\u2500 Bloc principal \u2500\u2500 *\/\r\n  .gc-promo {\r\n    position: relative;\r\n    background: linear-gradient(135deg, #FAF7F0 0%, #fff 50%, #FAF7F0 100%);\r\n    border: 1px solid rgba(209,172,172,0.2);\r\n    border-radius: 20px;\r\n    padding: 48px 52px;\r\n    display: flex;\r\n    align-items: center;\r\n    justify-content: space-between;\r\n    gap: 40px;\r\n    overflow: hidden;\r\n    max-width: 1000px;\r\n    margin: 0 auto;\r\n  }\r\n\r\n  \/* Cercles d\u00e9coratifs *\/\r\n  .gc-promo::before {\r\n    content: '';\r\n    position: absolute;\r\n    right: -80px; top: -80px;\r\n    width: 300px; height: 300px;\r\n    border-radius: 50%;\r\n    background: radial-gradient(circle, rgba(215,184,160,0.14) 0%, transparent 70%);\r\n    pointer-events: none;\r\n  }\r\n  .gc-promo::after {\r\n    content: '';\r\n    position: absolute;\r\n    left: -40px; bottom: -60px;\r\n    width: 200px; height: 200px;\r\n    border-radius: 50%;\r\n    background: radial-gradient(circle, rgba(192,204,180,0.12) 0%, transparent 70%);\r\n    pointer-events: none;\r\n  }\r\n\r\n  \/* \u2500\u2500 Ic\u00f4ne cadeau \u2500\u2500 *\/\r\n  .gc-promo-icon {\r\n    flex-shrink: 0;\r\n    width: 68px; height: 68px;\r\n    border-radius: 50%;\r\n    background: rgba(192,204,180,0.13);\r\n    border: 1px solid rgba(192,204,180,0.35);\r\n    display: flex; align-items: center; justify-content: center;\r\n    position: relative; z-index: 1;\r\n  }\r\n  .gc-promo-icon svg { stroke: #C0CCB4; }\r\n\r\n  \/* \u2500\u2500 Texte \u2500\u2500 *\/\r\n  .gc-promo-body {\r\n    flex: 1;\r\n    position: relative; z-index: 1;\r\n  }\r\n\r\n  .gc-promo-eyebrow {\r\n    font-family: 'DM Sans', sans-serif;\r\n    font-size: 9px; letter-spacing: 3px;\r\n    text-transform: uppercase; color: #D1ACAC;\r\n    display: block; margin-bottom: 7px;\r\n  }\r\n\r\n  .gc-promo-title {\r\n    font-family: 'Cormorant', Georgia, serif;\r\n    font-size: clamp(28px, 3vw, 39px);\r\n    font-weight: 600; color: #585760;\r\n    line-height: 1.1; margin-bottom: 8px;\r\n  }\r\n\r\n  .gc-promo-title em {\r\n    font-style: italic; font-weight: 300;\r\n    color: #D7B8A0;\r\n  }\r\n\r\n  .gc-promo-desc {\r\n    font-family: 'Cormorant', Georgia, serif;\r\n    font-size: 16px; font-weight: 400;\r\n    color: rgba(88,87,96,0.7); line-height: 1.5;\r\n    max-width: 420px; margin: 0;\r\n  }\r\n\r\n  \/* \u2500\u2500 Badges \u2500\u2500 *\/\r\n  .gc-promo-badges {\r\n    display: flex; gap: 14px; margin-top: 14px; flex-wrap: wrap;\r\n  }\r\n  .gc-promo-badge {\r\n    display: flex; align-items: center; gap: 5px;\r\n    font-family: 'DM Sans', sans-serif;\r\n    font-size: 10px; font-weight: 400;\r\n    color: rgba(88,87,96,0.45);\r\n  }\r\n  .gc-promo-badge svg { stroke: #C0CCB4; flex-shrink: 0; }\r\n\r\n  \/* \u2500\u2500 CTAs \u2500\u2500 *\/\r\n  .gc-promo-ctas {\r\n    display: flex;\r\n    flex-direction: column;\r\n    align-items: center;\r\n    gap: 14px;\r\n    flex-shrink: 0;\r\n    position: relative; z-index: 1;\r\n  }\r\n\r\n  \/* Bouton principal \u2014 filled #C0CCB4, grow au survol *\/\r\n  .gc-promo-btn-main {\r\n    display: inline-flex; align-items: center; gap: 8px;\r\n    background: #C0CCB4;\r\n    color: #ffffff!important;\r\n    border: 1.5px solid #C0CCB4;\r\n    padding: 11px 26px;\r\n    border-radius: 26px;\r\n    font-family: 'Cormorant', Georgia, serif;\r\n    font-size: 16px; font-weight: 600;\r\n    text-decoration: none; white-space: nowrap;\r\n    transition: transform 0.25s cubic-bezier(0.34,1.56,0.64,1), background 0.2s, border-color 0.2s;\r\n    transform-origin: center;\r\n  }\r\n  .gc-promo-btn-main:hover {\r\n    transform: scale(1.06);\r\n    background: #a8b89a;\r\n    border-color: #a8b89a;\r\n  }\r\n  .gc-promo-btn-main svg { stroke: #fff; flex-shrink: 0; }\r\n\r\n  \/* Bouton secondaire \u2014 outline style site, grow au survol *\/\r\n  .gc-promo-btn-secondary {\r\n    display: inline-flex; align-items: center; justify-content: center; gap: 6px;\r\n    color: #D7B8A0;\r\n    background: transparent;\r\n    border: 1px dashed rgba(215,184,160,0.6);\r\n    padding: 8px 20px;\r\n    border-radius: 22px;\r\n    font-family: 'Cormorant', Georgia, serif;\r\n    font-size: 14px; font-style: italic; font-weight: 400;\r\n    text-decoration: none; white-space: nowrap;\r\n    transition: transform 0.25s cubic-bezier(0.34,1.56,0.64,1), color 0.2s, border-color 0.2s;\r\n    transform-origin: center;\r\n  }\r\n  .gc-promo-btn-secondary:hover {\r\n    transform: scale(1.05);\r\n    color: #D1ACAC;\r\n    border-color: rgba(209,172,172,0.7);\r\n  }\r\n\r\n  \/* \u2500\u2500 Responsive \u2500\u2500 *\/\r\n  @media (max-width: 768px) {\r\n    .gc-promo {\r\n      flex-direction: column;\r\n      padding: 36px 24px;\r\n      text-align: center;\r\n      gap: 24px;\r\n    }\r\n    .gc-promo-desc { max-width: 100%; }\r\n    .gc-promo-ctas { width: 100%; }\r\n    .gc-promo-btn-main { width: 100%; justify-content: center; }\r\n    .gc-promo-btn-secondary { width: 100%; }\r\n    .gc-promo-badges { justify-content: center; }\r\n  }\r\n<\/style>\r\n\r\n<div class=\"gc-promo\" role=\"complementary\" aria-label=\"Give an \u00c2ndrea gift voucher\">\r\n\r\n  <!-- Ic\u00f4ne -->\r\n  <div class=\"gc-promo-icon\" aria-hidden=\"true\">\r\n    <svg width=\"28\" height=\"28\" viewbox=\"0 0 24 24\" fill=\"none\" stroke-width=\"1.4\">\r\n      <path d=\"M20 12V22H4V12\"\/>\r\n      <path d=\"M22 7H2v5h20V7z\"\/>\r\n      <path d=\"M12 22V7\"\/>\r\n      <path d=\"M12 7H7.5a2.5 2.5 0 010-5C11 2 12 7 12 7z\"\/>\r\n      <path d=\"M12 7h4.5a2.5 2.5 0 000-5C13 2 12 7 12 7z\"\/>\r\n    <\/svg>\r\n  <\/div>\r\n\r\n  <!-- Texte -->\r\n  <div class=\"gc-promo-body\">\r\n    <span class=\"gc-promo-eyebrow\">Gift idea \u00b7 Crans-Montana<\/span>\r\n    <h2 class=\"gc-promo-title\">\r\n      Offer a moment<br>\r\n      <em>well-being<\/em>\r\n    <\/h2>\r\n    <p class=\"gc-promo-desc\">\r\n      Gift vouchers available from 50 CHF \u2014 personalised, sent instantly by email, payable by Twint.\r\n    <\/p>\r\n    <div class=\"gc-promo-badges\" aria-label=\"Features\">\r\n      <span class=\"gc-promo-badge\">\r\n        <svg width=\"11\" height=\"11\" viewbox=\"0 0 24 24\" fill=\"none\" stroke-width=\"2\"><circle cx=\"12\" cy=\"12\" r=\"10\"\/><polyline points=\"12 6 12 12 16 14\"\/><\/svg>\r\n        Valid for 12 months\r\n      <\/span>\r\n      <span class=\"gc-promo-badge\">\r\n        <svg width=\"11\" height=\"11\" viewbox=\"0 0 24 24\" fill=\"none\" stroke-width=\"2\"><polyline points=\"22 12 18 12 15 21 9 3 6 12 2 12\"\/><\/svg>\r\n        Dispatch within 24 hours\r\n      <\/span>\r\n      <span class=\"gc-promo-badge\">\r\n        <svg width=\"11\" height=\"11\" viewbox=\"0 0 24 24\" fill=\"none\" stroke-width=\"2\"><rect x=\"2\" y=\"4\" width=\"20\" height=\"14\" rx=\"2\"\/><path d=\"M8 20h8M12 18v2\"\/><\/svg>\r\n        Digital or physical\r\n      <\/span>\r\n    <\/div>\r\n  <\/div>\r\n\r\n  <!-- CTAs -->\r\n  <div class=\"gc-promo-ctas\">\r\n    <a href=\"https:\/\/andreasalondebienetre.ch\/en\/bons-cadeaux\/#bon\"\r\n       class=\"gc-promo-btn-main\"\r\n       title=\"Order a gift voucher for Andrea\">\r\n      <svg width=\"15\" height=\"15\" viewbox=\"0 0 24 24\" fill=\"none\" stroke-width=\"2\">\r\n        <path d=\"M20 12V22H4V12\"\/>\r\n        <path d=\"M22 7H2v5h20V7z\"\/>\r\n        <path d=\"M12 22V7\"\/>\r\n        <path d=\"M12 7H7.5a2.5 2.5 0 010-5C11 2 12 7 12 7z\"\/>\r\n        <path d=\"M12 7h4.5a2.5 2.5 0 000-5C13 2 12 7 12 7z\"\/>\r\n      <\/svg>\r\n      Order a voucher\r\n    <\/a>\r\n    <a href=\"https:\/\/andreasalondebienetre.ch\/en\/bons-cadeaux\/\"\r\n       class=\"gc-promo-btn-secondary\"\r\n       title=\"Find out more about \u00c2ndrea gift vouchers\">\r\n      Find out more \u2192\r\n    <\/a>\r\n  <\/div>\r\n\r\n<\/div>\t\t\t\t<\/div>\n\t\t\t\t<\/div>\n\t\t\t\t<div class=\"elementor-element elementor-element-6928c23 elementor-widget elementor-widget-spacer\" data-id=\"6928c23\" data-element_type=\"widget\" data-e-type=\"widget\" data-widget_type=\"spacer.default\">\n\t\t\t\t<div class=\"elementor-widget-container\">\n\t\t\t\t\t\t\t<div class=\"elementor-spacer\">\n\t\t\t<div class=\"elementor-spacer-inner\"><\/div>\n\t\t<\/div>\n\t\t\t\t\t\t<\/div>\n\t\t\t\t<\/div>\n\t\t\t\t\t<\/div>\n\t\t<\/div>\n\t\t\t\t\t<\/div>\n\t\t<\/section>\n\t\t\t\t<\/div>","protected":false},"excerpt":{"rendered":"<p>R\u00e9servez votre soin en ligne Ne cherchez pas plus loin pour r\u00e9server votre soin. Notre formulaire de r\u00e9servation int\u00e9gr\u00e9 vous permet de simplement r\u00e9server votre soin en fonction des disponibilit\u00e9s du salon.\u00a0\u00a0 Id\u00e9e cadeau \u00b7 Crans-Montana Offrez un moment de bien-\u00eatre Bons cadeaux disponibles \u00e0 partir de 50 CHF \u2014 personnalis\u00e9s, envoy\u00e9s instantan\u00e9ment par e-mail, [&hellip;]<\/p>","protected":false},"author":1,"featured_media":0,"parent":0,"menu_order":0,"comment_status":"closed","ping_status":"closed","template":"","meta":{"footnotes":""},"class_list":["post-371","page","type-page","status-publish","hentry"],"aioseo_notices":[],"_links":{"self":[{"href":"https:\/\/andreasalondebienetre.ch\/en\/wp-json\/wp\/v2\/pages\/371","targetHints":{"allow":["GET"]}}],"collection":[{"href":"https:\/\/andreasalondebienetre.ch\/en\/wp-json\/wp\/v2\/pages"}],"about":[{"href":"https:\/\/andreasalondebienetre.ch\/en\/wp-json\/wp\/v2\/types\/page"}],"author":[{"embeddable":true,"href":"https:\/\/andreasalondebienetre.ch\/en\/wp-json\/wp\/v2\/users\/1"}],"replies":[{"embeddable":true,"href":"https:\/\/andreasalondebienetre.ch\/en\/wp-json\/wp\/v2\/comments?post=371"}],"version-history":[{"count":23,"href":"https:\/\/andreasalondebienetre.ch\/en\/wp-json\/wp\/v2\/pages\/371\/revisions"}],"predecessor-version":[{"id":1655,"href":"https:\/\/andreasalondebienetre.ch\/en\/wp-json\/wp\/v2\/pages\/371\/revisions\/1655"}],"wp:attachment":[{"href":"https:\/\/andreasalondebienetre.ch\/en\/wp-json\/wp\/v2\/media?parent=371"}],"curies":[{"name":"wp","href":"https:\/\/api.w.org\/{rel}","templated":true}]}}