{"id":230,"date":"2023-03-31T11:23:48","date_gmt":"2023-03-31T09:23:48","guid":{"rendered":"https:\/\/andreasalondebienetre.ch\/?page_id=230"},"modified":"2026-04-29T18:07:02","modified_gmt":"2026-04-29T16:07:02","slug":"contact","status":"publish","type":"page","link":"https:\/\/andreasalondebienetre.ch\/en\/contact\/","title":{"rendered":"Contact"},"content":{"rendered":"<div data-elementor-type=\"wp-page\" data-elementor-id=\"230\" class=\"elementor elementor-230\" data-elementor-post-type=\"page\">\n\t\t\t\t\t\t<section class=\"elementor-section elementor-top-section elementor-element elementor-element-e0387ee elementor-section-boxed elementor-section-height-default elementor-section-height-default\" data-id=\"e0387ee\" data-element_type=\"section\" data-e-type=\"section\" data-settings=\"{&quot;background_background&quot;:&quot;classic&quot;}\">\n\t\t\t\t\t\t<div class=\"elementor-container elementor-column-gap-default\">\n\t\t\t\t\t<div class=\"elementor-column elementor-col-100 elementor-top-column elementor-element elementor-element-6006477\" data-id=\"6006477\" data-element_type=\"column\" data-e-type=\"column\">\n\t\t\t<div class=\"elementor-widget-wrap elementor-element-populated\">\n\t\t\t\t\t\t<div class=\"elementor-element elementor-element-c57660c elementor-widget elementor-widget-spacer\" data-id=\"c57660c\" data-element_type=\"widget\" data-e-type=\"widget\" data-widget_type=\"spacer.default\">\n\t\t\t\t<div class=\"elementor-widget-container\">\n\t\t\t\t\t\t\t<div class=\"elementor-spacer\">\n\t\t\t<div class=\"elementor-spacer-inner\"><\/div>\n\t\t<\/div>\n\t\t\t\t\t\t<\/div>\n\t\t\t\t<\/div>\n\t\t\t\t<div class=\"elementor-element elementor-element-35a2fd9 elementor-widget elementor-widget-heading\" data-id=\"35a2fd9\" data-element_type=\"widget\" data-e-type=\"widget\" data-widget_type=\"heading.default\">\n\t\t\t\t<div class=\"elementor-widget-container\">\n\t\t\t\t\t<h2 class=\"elementor-heading-title elementor-size-xxl\">Contact me<\/h2>\t\t\t\t<\/div>\n\t\t\t\t<\/div>\n\t\t\t\t<div class=\"elementor-element elementor-element-836617c elementor-widget__width-initial elementor-widget elementor-widget-text-editor\" data-id=\"836617c\" data-element_type=\"widget\" data-e-type=\"widget\" data-widget_type=\"text-editor.default\">\n\t\t\t\t<div class=\"elementor-widget-container\">\n\t\t\t\t\t\t\t\t\t<p>Please feel free to contact me using this form. Whether you wish to book your treatment or simply ask me a question about my services, I remain at your entire disposal.<\/p>\t\t\t\t\t\t\t\t<\/div>\n\t\t\t\t<\/div>\n\t\t\t\t<div class=\"elementor-element elementor-element-31478a0 elementor-widget elementor-widget-spacer\" data-id=\"31478a0\" data-element_type=\"widget\" data-e-type=\"widget\" data-widget_type=\"spacer.default\">\n\t\t\t\t<div class=\"elementor-widget-container\">\n\t\t\t\t\t\t\t<div class=\"elementor-spacer\">\n\t\t\t<div class=\"elementor-spacer-inner\"><\/div>\n\t\t<\/div>\n\t\t\t\t\t\t<\/div>\n\t\t\t\t<\/div>\n\t\t\t\t\t<\/div>\n\t\t<\/div>\n\t\t\t\t\t<\/div>\n\t\t<\/section>\n\t\t\t\t<section class=\"elementor-section elementor-top-section elementor-element elementor-element-6a08ff7 elementor-section-boxed elementor-section-height-default elementor-section-height-default\" data-id=\"6a08ff7\" data-element_type=\"section\" data-e-type=\"section\">\n\t\t\t\t\t\t<div class=\"elementor-container elementor-column-gap-default\">\n\t\t\t\t\t<div class=\"elementor-column elementor-col-100 elementor-top-column elementor-element elementor-element-0a65e10\" data-id=\"0a65e10\" data-element_type=\"column\" data-e-type=\"column\">\n\t\t\t<div class=\"elementor-widget-wrap elementor-element-populated\">\n\t\t\t\t\t\t<div class=\"elementor-element elementor-element-661f4bf elementor-button-align-stretch elementor-widget elementor-widget-form\" data-id=\"661f4bf\" data-element_type=\"widget\" data-e-type=\"widget\" data-settings=\"{&quot;step_next_label&quot;:&quot;Suivant&quot;,&quot;step_previous_label&quot;:&quot;Pr\\u00e9c\\u00e9dent&quot;,&quot;button_width&quot;:&quot;100&quot;,&quot;step_type&quot;:&quot;number_text&quot;,&quot;step_icon_shape&quot;:&quot;circle&quot;}\" data-widget_type=\"form.default\">\n\t\t\t\t<div class=\"elementor-widget-container\">\n\t\t\t\t\t\t\t<form class=\"elementor-form\" method=\"post\" name=\"Nouveau formulaire\" aria-label=\"New form\" action=\"\">\n\t\t\t<input type=\"hidden\" name=\"post_id\" value=\"230\"\/>\n\t\t\t<input type=\"hidden\" name=\"form_id\" value=\"661f4bf\"\/>\n\t\t\t<input type=\"hidden\" name=\"referer_title\" value=\"Contact - Andrea Salon de bien \u00eatre\" \/>\n\n\t\t\t\t\t\t\t<input type=\"hidden\" name=\"queried_id\" value=\"230\"\/>\n\t\t\t\n\t\t\t<div class=\"elementor-form-fields-wrapper elementor-labels-above\">\n\t\t\t\t\t\t\t\t<div class=\"elementor-field-type-text elementor-field-group elementor-column elementor-field-group-name elementor-col-50 elementor-field-required\">\n\t\t\t\t\t\t\t\t\t\t\t\t<label for=\"form-field-name\" class=\"elementor-field-label\">\n\t\t\t\t\t\t\t\tName\t\t\t\t\t\t\t<\/label>\n\t\t\t\t\t\t\t\t\t\t\t\t\t\t<input size=\"1\" type=\"text\" name=\"form_fields[name]\" id=\"form-field-name\" class=\"elementor-field elementor-size-sm  elementor-field-textual\" placeholder=\"Name\" required=\"required\">\n\t\t\t\t\t\t\t\t\t\t\t<\/div>\n\t\t\t\t\t\t\t\t<div class=\"elementor-field-type-text elementor-field-group elementor-column elementor-field-group-field_928e8b5 elementor-col-50 elementor-field-required\">\n\t\t\t\t\t\t\t\t\t\t\t\t<label for=\"form-field-field_928e8b5\" class=\"elementor-field-label\">\n\t\t\t\t\t\t\t\tFirst name\t\t\t\t\t\t\t<\/label>\n\t\t\t\t\t\t\t\t\t\t\t\t\t\t<input size=\"1\" type=\"text\" name=\"form_fields[field_928e8b5]\" id=\"form-field-field_928e8b5\" class=\"elementor-field elementor-size-sm  elementor-field-textual\" placeholder=\"First name\" required=\"required\">\n\t\t\t\t\t\t\t\t\t\t\t<\/div>\n\t\t\t\t\t\t\t\t<div class=\"elementor-field-type-email elementor-field-group elementor-column elementor-field-group-email elementor-col-33 elementor-field-required\">\n\t\t\t\t\t\t\t\t\t\t\t\t<label for=\"form-field-email\" class=\"elementor-field-label\">\n\t\t\t\t\t\t\t\tE-mail\t\t\t\t\t\t\t<\/label>\n\t\t\t\t\t\t\t\t\t\t\t\t\t\t<input size=\"1\" type=\"email\" name=\"form_fields[email]\" id=\"form-field-email\" class=\"elementor-field elementor-size-sm  elementor-field-textual\" placeholder=\"E-mail\" required=\"required\">\n\t\t\t\t\t\t\t\t\t\t\t<\/div>\n\t\t\t\t\t\t\t\t<div class=\"elementor-field-type-text elementor-field-group elementor-column elementor-field-group-field_a7f3bfa elementor-col-33 elementor-field-required\">\n\t\t\t\t\t\t\t\t\t\t\t\t<label for=\"form-field-field_a7f3bfa\" class=\"elementor-field-label\">\n\t\t\t\t\t\t\t\tPhone number\t\t\t\t\t\t\t<\/label>\n\t\t\t\t\t\t\t\t\t\t\t\t\t\t<input size=\"1\" type=\"text\" name=\"form_fields[field_a7f3bfa]\" id=\"form-field-field_a7f3bfa\" class=\"elementor-field elementor-size-sm  elementor-field-textual\" placeholder=\"Phone number\" required=\"required\">\n\t\t\t\t\t\t\t\t\t\t\t<\/div>\n\t\t\t\t\t\t\t\t<div class=\"elementor-field-type-select elementor-field-group elementor-column elementor-field-group-field_9b04c59 elementor-col-33 elementor-field-required\">\n\t\t\t\t\t\t\t\t\t\t\t\t<label for=\"form-field-field_9b04c59\" class=\"elementor-field-label\">\n\t\t\t\t\t\t\t\tCategory\t\t\t\t\t\t\t<\/label>\n\t\t\t\t\t\t\t\t<div class=\"elementor-field elementor-select-wrapper remove-before\">\n\t\t\t<div class=\"select-caret-down-wrapper\">\n\t\t\t\t<i aria-hidden=\"true\" class=\"eicon-caret-down\"><\/i>\t\t\t<\/div>\n\t\t\t<select name=\"form_fields[field_9b04c59]\" id=\"form-field-field_9b04c59\" class=\"elementor-field-textual elementor-size-sm\" required=\"required\">\n\t\t\t\t\t\t\t\t\t<option value=\"R\u00e9servations\">Bookings:<\/option>\n\t\t\t\t\t\t\t\t\t<option value=\"Informations g\u00e9n\u00e9rales\">General information<\/option>\n\t\t\t\t\t\t\t\t\t<option value=\"Partenariats\">Partnerships<\/option>\n\t\t\t\t\t\t\t\t\t<option value=\"\"><\/option>\n\t\t\t\t\t\t\t<\/select>\n\t\t<\/div>\n\t\t\t\t\t\t<\/div>\n\t\t\t\t\t\t\t\t<div class=\"elementor-field-type-textarea elementor-field-group elementor-column elementor-field-group-message elementor-col-100 elementor-field-required\">\n\t\t\t\t\t\t\t\t\t\t\t\t<label for=\"form-field-message\" class=\"elementor-field-label\">\n\t\t\t\t\t\t\t\tMessage\t\t\t\t\t\t\t<\/label>\n\t\t\t\t\t\t<textarea class=\"elementor-field-textual elementor-field  elementor-size-sm\" name=\"form_fields[message]\" id=\"form-field-message\" rows=\"4\" placeholder=\"Message\" required=\"required\"><\/textarea>\t\t\t\t<\/div>\n\t\t\t\t\t\t\t\t<div class=\"elementor-field-type-recaptcha_v3 elementor-field-group elementor-column elementor-field-group-field_84fec8f elementor-col-100 recaptcha_v3-bottomright\">\n\t\t\t\t\t<div class=\"elementor-field\" id=\"form-field-field_84fec8f\"><div class=\"elementor-g-recaptcha\" data-sitekey=\"6Lcj_0QoAAAAAC3-Zy6TZJFEAsjLpod_c-Z8Ix7W\" data-type=\"v3\" data-action=\"Form\" data-badge=\"bottomright\" data-size=\"invisible\"><\/div><\/div>\t\t\t\t<\/div>\n\t\t\t\t\t\t\t\t<div class=\"elementor-field-group elementor-column elementor-field-type-submit elementor-col-100 e-form__buttons\">\n\t\t\t\t\t<button class=\"elementor-button elementor-size-sm\" type=\"submit\">\n\t\t\t\t\t\t<span class=\"elementor-button-content-wrapper\">\n\t\t\t\t\t\t\t\t\t\t\t\t\t\t\t\t\t\t\t\t\t\t<span class=\"elementor-button-text\">Send<\/span>\n\t\t\t\t\t\t\t\t\t\t\t\t\t<\/span>\n\t\t\t\t\t<\/button>\n\t\t\t\t<\/div>\n\t\t\t<\/div>\n\t\t<input type=\"hidden\" name=\"trp-form-language\" value=\"en\"\/><\/form>\n\t\t\t\t\t\t<\/div>\n\t\t\t\t<\/div>\n\t\t\t\t\t<\/div>\n\t\t<\/div>\n\t\t\t\t\t<\/div>\n\t\t<\/section>\n\t\t\t\t<section class=\"elementor-section elementor-top-section elementor-element elementor-element-37a14a9 elementor-section-boxed elementor-section-height-default elementor-section-height-default\" data-id=\"37a14a9\" data-element_type=\"section\" data-e-type=\"section\">\n\t\t\t\t\t\t<div class=\"elementor-container elementor-column-gap-default\">\n\t\t\t\t\t<div class=\"elementor-column elementor-col-100 elementor-top-column elementor-element elementor-element-8ea7ac5\" data-id=\"8ea7ac5\" data-element_type=\"column\" data-e-type=\"column\">\n\t\t\t<div class=\"elementor-widget-wrap elementor-element-populated\">\n\t\t\t\t\t\t<div class=\"elementor-element elementor-element-1f05970 elementor-widget elementor-widget-spacer\" data-id=\"1f05970\" data-element_type=\"widget\" data-e-type=\"widget\" data-widget_type=\"spacer.default\">\n\t\t\t\t<div class=\"elementor-widget-container\">\n\t\t\t\t\t\t\t<div class=\"elementor-spacer\">\n\t\t\t<div class=\"elementor-spacer-inner\"><\/div>\n\t\t<\/div>\n\t\t\t\t\t\t<\/div>\n\t\t\t\t<\/div>\n\t\t\t\t<div class=\"elementor-element elementor-element-0442620 elementor-widget elementor-widget-html\" data-id=\"0442620\" data-element_type=\"widget\" data-e-type=\"widget\" data-widget_type=\"html.default\">\n\t\t\t\t<div class=\"elementor-widget-container\">\n\t\t\t\t\t<!--\r\n  \u2554\u2550\u2550\u2550\u2550\u2550\u2550\u2550\u2550\u2550\u2550\u2550\u2550\u2550\u2550\u2550\u2550\u2550\u2550\u2550\u2550\u2550\u2550\u2550\u2550\u2550\u2550\u2550\u2550\u2550\u2550\u2550\u2550\u2550\u2550\u2550\u2550\u2550\u2550\u2550\u2550\u2550\u2550\u2550\u2550\u2550\u2550\u2550\u2550\u2550\u2550\u2550\u2550\u2550\u2550\u2557\r\n  \u2551  SECTION PROMO \u2014 BONS CADEAUX                       \u2551\r\n  \u2551  \u00c0 coller en widget HTML Elementor sur :            \u2551\r\n  \u2551  Accueil \u00b7 Massages \u00b7 \u00c9pilations \u00b7 autres pages     \u2551\r\n  \u255a\u2550\u2550\u2550\u2550\u2550\u2550\u2550\u2550\u2550\u2550\u2550\u2550\u2550\u2550\u2550\u2550\u2550\u2550\u2550\u2550\u2550\u2550\u2550\u2550\u2550\u2550\u2550\u2550\u2550\u2550\u2550\u2550\u2550\u2550\u2550\u2550\u2550\u2550\u2550\u2550\u2550\u2550\u2550\u2550\u2550\u2550\u2550\u2550\u2550\u2550\u2550\u2550\u2550\u2550\u255d\r\n-->\r\n\r\n<style>\r\n  @import url('https:\/\/fonts.googleapis.com\/css2?family=Cormorant:ital,wght@0,400;0,600;1,300;1,400&family=DM+Sans:opsz,wght@9..40,300;9..40,400;9..40,500&display=swap');\r\n\r\n  .gc-promo *, .gc-promo *::before, .gc-promo *::after { box-sizing: border-box; }\r\n\r\n  \/* \u2500\u2500 Bloc principal \u2500\u2500 *\/\r\n  .gc-promo {\r\n    position: relative;\r\n    background: linear-gradient(135deg, #FAF7F0 0%, #fff 50%, #FAF7F0 100%);\r\n    border: 1px solid rgba(209,172,172,0.2);\r\n    border-radius: 20px;\r\n    padding: 48px 52px;\r\n    display: flex;\r\n    align-items: center;\r\n    justify-content: space-between;\r\n    gap: 40px;\r\n    overflow: hidden;\r\n    max-width: 1000px;\r\n    margin: 0 auto;\r\n  }\r\n\r\n  \/* Cercles d\u00e9coratifs *\/\r\n  .gc-promo::before {\r\n    content: '';\r\n    position: absolute;\r\n    right: -80px; top: -80px;\r\n    width: 300px; height: 300px;\r\n    border-radius: 50%;\r\n    background: radial-gradient(circle, rgba(215,184,160,0.14) 0%, transparent 70%);\r\n    pointer-events: none;\r\n  }\r\n  .gc-promo::after {\r\n    content: '';\r\n    position: absolute;\r\n    left: -40px; bottom: -60px;\r\n    width: 200px; height: 200px;\r\n    border-radius: 50%;\r\n    background: radial-gradient(circle, rgba(192,204,180,0.12) 0%, transparent 70%);\r\n    pointer-events: none;\r\n  }\r\n\r\n  \/* \u2500\u2500 Ic\u00f4ne cadeau \u2500\u2500 *\/\r\n  .gc-promo-icon {\r\n    flex-shrink: 0;\r\n    width: 68px; height: 68px;\r\n    border-radius: 50%;\r\n    background: rgba(192,204,180,0.13);\r\n    border: 1px solid rgba(192,204,180,0.35);\r\n    display: flex; align-items: center; justify-content: center;\r\n    position: relative; z-index: 1;\r\n  }\r\n  .gc-promo-icon svg { stroke: #C0CCB4; }\r\n\r\n  \/* \u2500\u2500 Texte \u2500\u2500 *\/\r\n  .gc-promo-body {\r\n    flex: 1;\r\n    position: relative; z-index: 1;\r\n  }\r\n\r\n  .gc-promo-eyebrow {\r\n    font-family: 'DM Sans', sans-serif;\r\n    font-size: 9px; letter-spacing: 3px;\r\n    text-transform: uppercase; color: #D1ACAC;\r\n    display: block; margin-bottom: 7px;\r\n  }\r\n\r\n  .gc-promo-title {\r\n    font-family: 'Cormorant', Georgia, serif;\r\n    font-size: clamp(28px, 3vw, 39px);\r\n    font-weight: 600; color: #585760;\r\n    line-height: 1.1; margin-bottom: 8px;\r\n  }\r\n\r\n  .gc-promo-title em {\r\n    font-style: italic; font-weight: 300;\r\n    color: #D7B8A0;\r\n  }\r\n\r\n  .gc-promo-desc {\r\n    font-family: 'Cormorant', Georgia, serif;\r\n    font-size: 16px; font-weight: 400;\r\n    color: rgba(88,87,96,0.7); line-height: 1.5;\r\n    max-width: 420px; margin: 0;\r\n  }\r\n\r\n  \/* \u2500\u2500 Badges \u2500\u2500 *\/\r\n  .gc-promo-badges {\r\n    display: flex; gap: 14px; margin-top: 14px; flex-wrap: wrap;\r\n  }\r\n  .gc-promo-badge {\r\n    display: flex; align-items: center; gap: 5px;\r\n    font-family: 'DM Sans', sans-serif;\r\n    font-size: 10px; font-weight: 400;\r\n    color: rgba(88,87,96,0.45);\r\n  }\r\n  .gc-promo-badge svg { stroke: #C0CCB4; flex-shrink: 0; }\r\n\r\n  \/* \u2500\u2500 CTAs \u2500\u2500 *\/\r\n  .gc-promo-ctas {\r\n    display: flex;\r\n    flex-direction: column;\r\n    align-items: center;\r\n    gap: 14px;\r\n    flex-shrink: 0;\r\n    position: relative; z-index: 1;\r\n  }\r\n\r\n  \/* Bouton principal \u2014 filled #C0CCB4, grow au survol *\/\r\n  .gc-promo-btn-main {\r\n    display: inline-flex; align-items: center; gap: 8px;\r\n    background: #C0CCB4;\r\n    color: #ffffff!important;\r\n    border: 1.5px solid #C0CCB4;\r\n    padding: 11px 26px;\r\n    border-radius: 26px;\r\n    font-family: 'Cormorant', Georgia, serif;\r\n    font-size: 16px; font-weight: 600;\r\n    text-decoration: none; white-space: nowrap;\r\n    transition: transform 0.25s cubic-bezier(0.34,1.56,0.64,1), background 0.2s, border-color 0.2s;\r\n    transform-origin: center;\r\n  }\r\n  .gc-promo-btn-main:hover {\r\n    transform: scale(1.06);\r\n    background: #a8b89a;\r\n    border-color: #a8b89a;\r\n  }\r\n  .gc-promo-btn-main svg { stroke: #fff; flex-shrink: 0; }\r\n\r\n  \/* Bouton secondaire \u2014 outline style site, grow au survol *\/\r\n  .gc-promo-btn-secondary {\r\n    display: inline-flex; align-items: center; justify-content: center; gap: 6px;\r\n    color: #D7B8A0;\r\n    background: transparent;\r\n    border: 1px dashed rgba(215,184,160,0.6);\r\n    padding: 8px 20px;\r\n    border-radius: 22px;\r\n    font-family: 'Cormorant', Georgia, serif;\r\n    font-size: 14px; font-style: italic; font-weight: 400;\r\n    text-decoration: none; white-space: nowrap;\r\n    transition: transform 0.25s cubic-bezier(0.34,1.56,0.64,1), color 0.2s, border-color 0.2s;\r\n    transform-origin: center;\r\n  }\r\n  .gc-promo-btn-secondary:hover {\r\n    transform: scale(1.05);\r\n    color: #D1ACAC;\r\n    border-color: rgba(209,172,172,0.7);\r\n  }\r\n\r\n  \/* \u2500\u2500 Responsive \u2500\u2500 *\/\r\n  @media (max-width: 768px) {\r\n    .gc-promo {\r\n      flex-direction: column;\r\n      padding: 36px 24px;\r\n      text-align: center;\r\n      gap: 24px;\r\n    }\r\n    .gc-promo-desc { max-width: 100%; }\r\n    .gc-promo-ctas { width: 100%; }\r\n    .gc-promo-btn-main { width: 100%; justify-content: center; }\r\n    .gc-promo-btn-secondary { width: 100%; }\r\n    .gc-promo-badges { justify-content: center; }\r\n  }\r\n<\/style>\r\n\r\n<div class=\"gc-promo\" role=\"complementary\" aria-label=\"Give an \u00c2ndrea gift voucher\">\r\n\r\n  <!-- Ic\u00f4ne -->\r\n  <div class=\"gc-promo-icon\" aria-hidden=\"true\">\r\n    <svg width=\"28\" height=\"28\" viewbox=\"0 0 24 24\" fill=\"none\" stroke-width=\"1.4\">\r\n      <path d=\"M20 12V22H4V12\"\/>\r\n      <path d=\"M22 7H2v5h20V7z\"\/>\r\n      <path d=\"M12 22V7\"\/>\r\n      <path d=\"M12 7H7.5a2.5 2.5 0 010-5C11 2 12 7 12 7z\"\/>\r\n      <path d=\"M12 7h4.5a2.5 2.5 0 000-5C13 2 12 7 12 7z\"\/>\r\n    <\/svg>\r\n  <\/div>\r\n\r\n  <!-- Texte -->\r\n  <div class=\"gc-promo-body\">\r\n    <span class=\"gc-promo-eyebrow\">Gift idea \u00b7 Crans-Montana<\/span>\r\n    <h2 class=\"gc-promo-title\">\r\n      Offer a moment<br>\r\n      <em>well-being<\/em>\r\n    <\/h2>\r\n    <p class=\"gc-promo-desc\">\r\n      Gift vouchers available from 50 CHF \u2014 personalised, sent instantly by email, payable by Twint.\r\n    <\/p>\r\n    <div class=\"gc-promo-badges\" aria-label=\"Features\">\r\n      <span class=\"gc-promo-badge\">\r\n        <svg width=\"11\" height=\"11\" viewbox=\"0 0 24 24\" fill=\"none\" stroke-width=\"2\"><circle cx=\"12\" cy=\"12\" r=\"10\"\/><polyline points=\"12 6 12 12 16 14\"\/><\/svg>\r\n        Valid for 12 months\r\n      <\/span>\r\n      <span class=\"gc-promo-badge\">\r\n        <svg width=\"11\" height=\"11\" viewbox=\"0 0 24 24\" fill=\"none\" stroke-width=\"2\"><polyline points=\"22 12 18 12 15 21 9 3 6 12 2 12\"\/><\/svg>\r\n        Dispatch within 24 hours\r\n      <\/span>\r\n      <span class=\"gc-promo-badge\">\r\n        <svg width=\"11\" height=\"11\" viewbox=\"0 0 24 24\" fill=\"none\" stroke-width=\"2\"><rect x=\"2\" y=\"4\" width=\"20\" height=\"14\" rx=\"2\"\/><path d=\"M8 20h8M12 18v2\"\/><\/svg>\r\n        Digital or physical\r\n      <\/span>\r\n    <\/div>\r\n  <\/div>\r\n\r\n  <!-- CTAs -->\r\n  <div class=\"gc-promo-ctas\">\r\n    <a href=\"https:\/\/andreasalondebienetre.ch\/en\/bons-cadeaux\/#bon\"\r\n       class=\"gc-promo-btn-main\"\r\n       title=\"Order a gift voucher for Andrea\">\r\n      <svg width=\"15\" height=\"15\" viewbox=\"0 0 24 24\" fill=\"none\" stroke-width=\"2\">\r\n        <path d=\"M20 12V22H4V12\"\/>\r\n        <path d=\"M22 7H2v5h20V7z\"\/>\r\n        <path d=\"M12 22V7\"\/>\r\n        <path d=\"M12 7H7.5a2.5 2.5 0 010-5C11 2 12 7 12 7z\"\/>\r\n        <path d=\"M12 7h4.5a2.5 2.5 0 000-5C13 2 12 7 12 7z\"\/>\r\n      <\/svg>\r\n      Order a voucher\r\n    <\/a>\r\n    <a href=\"https:\/\/andreasalondebienetre.ch\/en\/bons-cadeaux\/\"\r\n       class=\"gc-promo-btn-secondary\"\r\n       title=\"Find out more about \u00c2ndrea gift vouchers\">\r\n      Find out more \u2192\r\n    <\/a>\r\n  <\/div>\r\n\r\n<\/div>\t\t\t\t<\/div>\n\t\t\t\t<\/div>\n\t\t\t\t<div class=\"elementor-element elementor-element-8709cb6 elementor-widget elementor-widget-spacer\" data-id=\"8709cb6\" data-element_type=\"widget\" data-e-type=\"widget\" data-widget_type=\"spacer.default\">\n\t\t\t\t<div class=\"elementor-widget-container\">\n\t\t\t\t\t\t\t<div class=\"elementor-spacer\">\n\t\t\t<div class=\"elementor-spacer-inner\"><\/div>\n\t\t<\/div>\n\t\t\t\t\t\t<\/div>\n\t\t\t\t<\/div>\n\t\t\t\t\t<\/div>\n\t\t<\/div>\n\t\t\t\t\t<\/div>\n\t\t<\/section>\n\t\t\t\t<\/div>","protected":false},"excerpt":{"rendered":"<p>Me contacter Sentez vous libre de me contacter au travers de ce formulaire. Que vous vouliez r\u00e9server votre soin ou simplement me poser une question sur mes services je reste \u00e0 votre enti\u00e8re disposition. Id\u00e9e cadeau \u00b7 Crans-Montana Offrez un moment de bien-\u00eatre Bons cadeaux disponibles \u00e0 partir de 50 CHF \u2014 personnalis\u00e9s, envoy\u00e9s instantan\u00e9ment [&hellip;]<\/p>","protected":false},"author":1,"featured_media":0,"parent":0,"menu_order":0,"comment_status":"closed","ping_status":"closed","template":"","meta":{"footnotes":""},"class_list":["post-230","page","type-page","status-publish","hentry"],"aioseo_notices":[],"_links":{"self":[{"href":"https:\/\/andreasalondebienetre.ch\/en\/wp-json\/wp\/v2\/pages\/230","targetHints":{"allow":["GET"]}}],"collection":[{"href":"https:\/\/andreasalondebienetre.ch\/en\/wp-json\/wp\/v2\/pages"}],"about":[{"href":"https:\/\/andreasalondebienetre.ch\/en\/wp-json\/wp\/v2\/types\/page"}],"author":[{"embeddable":true,"href":"https:\/\/andreasalondebienetre.ch\/en\/wp-json\/wp\/v2\/users\/1"}],"replies":[{"embeddable":true,"href":"https:\/\/andreasalondebienetre.ch\/en\/wp-json\/wp\/v2\/comments?post=230"}],"version-history":[{"count":49,"href":"https:\/\/andreasalondebienetre.ch\/en\/wp-json\/wp\/v2\/pages\/230\/revisions"}],"predecessor-version":[{"id":1664,"href":"https:\/\/andreasalondebienetre.ch\/en\/wp-json\/wp\/v2\/pages\/230\/revisions\/1664"}],"wp:attachment":[{"href":"https:\/\/andreasalondebienetre.ch\/en\/wp-json\/wp\/v2\/media?parent=230"}],"curies":[{"name":"wp","href":"https:\/\/api.w.org\/{rel}","templated":true}]}}