{"id":309,"date":"2023-04-02T21:30:17","date_gmt":"2023-04-02T19:30:17","guid":{"rendered":"https:\/\/andreasalondebienetre.ch\/?page_id=309"},"modified":"2023-04-13T15:58:13","modified_gmt":"2023-04-13T13:58:13","slug":"politique-de-service","status":"publish","type":"page","link":"https:\/\/andreasalondebienetre.ch\/de\/politique-de-service\/","title":{"rendered":"Service Policy"},"content":{"rendered":"<div data-elementor-type=\"wp-page\" data-elementor-id=\"309\" class=\"elementor elementor-309\" data-elementor-post-type=\"page\">\n\t\t\t\t\t\t<section class=\"elementor-section elementor-top-section elementor-element elementor-element-78e2714 elementor-section-boxed elementor-section-height-default elementor-section-height-default\" data-id=\"78e2714\" data-element_type=\"section\" data-e-type=\"section\">\n\t\t\t\t\t\t<div class=\"elementor-container elementor-column-gap-default\">\n\t\t\t\t\t<div class=\"elementor-column elementor-col-100 elementor-top-column elementor-element elementor-element-2f542f2\" data-id=\"2f542f2\" data-element_type=\"column\" data-e-type=\"column\">\n\t\t\t<div class=\"elementor-widget-wrap elementor-element-populated\">\n\t\t\t\t\t\t\t<\/div>\n\t\t<\/div>\n\t\t\t\t\t<\/div>\n\t\t<\/section>\n\t\t\t\t<section class=\"elementor-section elementor-top-section elementor-element elementor-element-b492b84 elementor-section-boxed elementor-section-height-default elementor-section-height-default\" data-id=\"b492b84\" data-element_type=\"section\" data-e-type=\"section\">\n\t\t\t\t\t\t<div class=\"elementor-container elementor-column-gap-default\">\n\t\t\t\t\t<div class=\"elementor-column elementor-col-100 elementor-top-column elementor-element elementor-element-4839aea\" data-id=\"4839aea\" data-element_type=\"column\" data-e-type=\"column\">\n\t\t\t<div class=\"elementor-widget-wrap elementor-element-populated\">\n\t\t\t\t\t\t<div class=\"elementor-element elementor-element-8908198 elementor-widget elementor-widget-text-editor\" data-id=\"8908198\" data-element_type=\"widget\" data-e-type=\"widget\" data-widget_type=\"text-editor.default\">\n\t\t\t\t<div class=\"elementor-widget-container\">\n\t\t\t\t\t\t\t\t\t<p>Art des Dienstes :<\/p><ul><li>Wir bieten <a href=\"https:\/\/andreasalondebienetre.ch\/de\/les-massages\/\">Massagen<\/a> und <a href=\"https:\/\/andreasalondebienetre.ch\/de\/les-epilations\/\">von Haarentfernungen<\/a>.<\/li><\/ul><p>Bearbeitungsfristen :<\/p><ul><li>Die Bearbeitungszeiten h\u00e4ngen von der Dauer und der Art der gebuchten Dienstleistung ab. Wir informieren Sie zum Zeitpunkt der Buchung \u00fcber die Bearbeitungsdauer.<\/li><\/ul><p>\u00d6ffnungs- und Schlie\u00dfungszeiten :<\/p><ul><li>Unsere \u00d6ffnungs- und Schlie\u00dfzeiten sind auf unserer Website angegeben. Bitte informieren Sie sich auf unserer Website \u00fcber unsere \u00d6ffnungszeiten.<\/li><\/ul><p>Stornierungs- und R\u00fcckerstattungsrichtlinien :<\/p><ul><li>Im Falle einer Stornierung berechnen wir 50% des Preises f\u00fcr die Sitzung. Wir bitten Sie, uns mindestens 24 Stunden vor der Sitzung \u00fcber eine Stornierung zu informieren. Bei Stornierungen, die weniger als 24 Stunden vor der Sitzung erfolgen, sind keine R\u00fcckerstattungen m\u00f6glich.<\/li><\/ul><p>Umgang mit Beschwerden und Reklamationen :<\/p><ul><li>Wir nehmen alle Beschwerden und Reklamationen ernst und bem\u00fchen uns, sie schnell und effektiv zu l\u00f6sen. Bitte kontaktieren Sie uns telefonisch oder per E-Mail, um Beschwerden oder Reklamationen zu melden.<\/li><\/ul><p>Verarbeitung pers\u00f6nlicher Informationen :<\/p><ul><li>Wir verarbeiten pers\u00f6nliche Informationen gem\u00e4\u00df unserer <a href=\"https:\/\/andreasalondebienetre.ch\/de\/politique-de-confidentialite-2\/\">Datenschutzrichtlinie<\/a>, Sie k\u00f6nnen diese Informationen auf unserer Website finden.<\/li><\/ul><p>Reservierungen:<\/p><ul><li>Reservierungen k\u00f6nnen telefonisch oder \u00fcber das <a href=\"https:\/\/andreasalondebienetre.ch\/de\/reservations\/\">Buchungsformular<\/a> auf unserer Website. Bitte informieren Sie uns mindestens 24 Stunden im Voraus \u00fcber Stornierungen.<\/li><\/ul><p>Umgang mit Notf\u00e4llen und unvorhergesehenen Situationen :<\/p><ul><li>Wir gehen mit Notf\u00e4llen und unvorhergesehenen Situationen professionell und schnell um. Bitte kontaktieren Sie uns telefonisch, wenn Sie dringend Hilfe ben\u00f6tigen.<\/li><\/ul>\t\t\t\t\t\t\t\t<\/div>\n\t\t\t\t<\/div>\n\t\t\t\t\t<\/div>\n\t\t<\/div>\n\t\t\t\t\t<\/div>\n\t\t<\/section>\n\t\t\t\t<\/div>","protected":false},"excerpt":{"rendered":"<p>Art der Dienstleistung: Wir bieten Massagen und Haarentfernung an. Bearbeitungsfristen: Die Bearbeitungszeiten h\u00e4ngen von der Dauer und der Art der gebuchten Dienstleistung ab. Wir werden Sie zum Zeitpunkt der Buchung \u00fcber die Bearbeitungsdauer informieren. \u00d6ffnungs- und Schlie\u00dfungszeiten: Unsere \u00d6ffnungs- und Schlie\u00dfungszeiten sind [...] angegeben.<\/p>","protected":false},"author":1,"featured_media":0,"parent":0,"menu_order":0,"comment_status":"closed","ping_status":"closed","template":"","meta":{"footnotes":""},"class_list":["post-309","page","type-page","status-publish","hentry"],"aioseo_notices":[],"_links":{"self":[{"href":"https:\/\/andreasalondebienetre.ch\/de\/wp-json\/wp\/v2\/pages\/309","targetHints":{"allow":["GET"]}}],"collection":[{"href":"https:\/\/andreasalondebienetre.ch\/de\/wp-json\/wp\/v2\/pages"}],"about":[{"href":"https:\/\/andreasalondebienetre.ch\/de\/wp-json\/wp\/v2\/types\/page"}],"author":[{"embeddable":true,"href":"https:\/\/andreasalondebienetre.ch\/de\/wp-json\/wp\/v2\/users\/1"}],"replies":[{"embeddable":true,"href":"https:\/\/andreasalondebienetre.ch\/de\/wp-json\/wp\/v2\/comments?post=309"}],"version-history":[{"count":7,"href":"https:\/\/andreasalondebienetre.ch\/de\/wp-json\/wp\/v2\/pages\/309\/revisions"}],"predecessor-version":[{"id":489,"href":"https:\/\/andreasalondebienetre.ch\/de\/wp-json\/wp\/v2\/pages\/309\/revisions\/489"}],"wp:attachment":[{"href":"https:\/\/andreasalondebienetre.ch\/de\/wp-json\/wp\/v2\/media?parent=309"}],"curies":[{"name":"wp","href":"https:\/\/api.w.org\/{rel}","templated":true}]}}