{"id":307,"date":"2023-04-02T21:30:06","date_gmt":"2023-04-02T19:30:06","guid":{"rendered":"https:\/\/andreasalondebienetre.ch\/?page_id=307"},"modified":"2023-04-05T01:12:05","modified_gmt":"2023-04-04T23:12:05","slug":"politique-de-confidentialite-2","status":"publish","type":"page","link":"https:\/\/andreasalondebienetre.ch\/de\/politique-de-confidentialite-2\/","title":{"rendered":"Datenschutzrichtlinie"},"content":{"rendered":"<div data-elementor-type=\"wp-page\" data-elementor-id=\"307\" class=\"elementor elementor-307\" data-elementor-post-type=\"page\">\n\t\t\t\t\t\t<section class=\"elementor-section elementor-top-section elementor-element elementor-element-6d35006 elementor-section-boxed elementor-section-height-default elementor-section-height-default\" data-id=\"6d35006\" data-element_type=\"section\" data-e-type=\"section\">\n\t\t\t\t\t\t<div class=\"elementor-container elementor-column-gap-default\">\n\t\t\t\t\t<div class=\"elementor-column elementor-col-100 elementor-top-column elementor-element elementor-element-27ae008\" data-id=\"27ae008\" data-element_type=\"column\" data-e-type=\"column\">\n\t\t\t<div class=\"elementor-widget-wrap elementor-element-populated\">\n\t\t\t\t\t\t<div class=\"elementor-element elementor-element-1bbfe91 elementor-widget elementor-widget-spacer\" data-id=\"1bbfe91\" data-element_type=\"widget\" data-e-type=\"widget\" data-widget_type=\"spacer.default\">\n\t\t\t\t<div class=\"elementor-widget-container\">\n\t\t\t\t\t\t\t<div class=\"elementor-spacer\">\n\t\t\t<div class=\"elementor-spacer-inner\"><\/div>\n\t\t<\/div>\n\t\t\t\t\t\t<\/div>\n\t\t\t\t<\/div>\n\t\t\t\t<div class=\"elementor-element elementor-element-c77c44b elementor-widget elementor-widget-heading\" data-id=\"c77c44b\" data-element_type=\"widget\" data-e-type=\"widget\" data-widget_type=\"heading.default\">\n\t\t\t\t<div class=\"elementor-widget-container\">\n\t\t\t\t\t<h1 class=\"elementor-heading-title elementor-size-default\">Datenschutzrichtlinie.<\/h1>\t\t\t\t<\/div>\n\t\t\t\t<\/div>\n\t\t\t\t<div class=\"elementor-element elementor-element-3a5f54f elementor-widget elementor-widget-text-editor\" data-id=\"3a5f54f\" data-element_type=\"widget\" data-e-type=\"widget\" data-widget_type=\"text-editor.default\">\n\t\t\t\t<div class=\"elementor-widget-container\">\n\t\t\t\t\t\t\t\t\t<p>Wir bei \u00c2ndrea Semblano verpflichten uns, Ihre Privatsph\u00e4re zu sch\u00fctzen und die Sicherheit Ihrer pers\u00f6nlichen Daten zu gew\u00e4hrleisten. Diese Datenschutzrichtlinie beschreibt, wie wir die Informationen, die Sie uns beim Besuch unserer Website und der Nutzung unserer Dienste zur Verf\u00fcgung stellen, sammeln, verwenden und sch\u00fctzen.<\/p><p><span style=\"text-decoration: underline;\">Sammeln von pers\u00f6nlichen Informationen<\/span><\/p><p>Wenn Sie unsere Website oder unsere Dienstleistungen nutzen, k\u00f6nnen wir die folgenden personenbezogenen Daten erfassen: Name, Postanschrift, E-Mail-Adresse, Telefonnummer und Informationen \u00fcber Ihre Vorlieben f\u00fcr Spa-Behandlungen.<\/p><p><span style=\"text-decoration: underline;\">Verwendung pers\u00f6nlicher Informationen<\/span><\/p><p>Wir verwenden die pers\u00f6nlichen Informationen, die Sie uns zur Verf\u00fcgung stellen, um Ihnen die von Ihnen angeforderten Spa-Dienstleistungen zu erbringen und unser Dienstleistungsangebot zu verbessern. Wir k\u00f6nnen Ihre Informationen auch dazu verwenden, Sie per E-Mail oder Telefon zu kontaktieren, um Sie \u00fcber unsere speziellen Angebote und Aktionen zu informieren.<\/p><p><span style=\"text-decoration: underline;\">Schutz pers\u00f6nlicher Informationen<\/span><\/p><p>Wir verpflichten uns, die Sicherheit Ihrer personenbezogenen Daten zu sch\u00fctzen und eine unbefugte Offenlegung zu verhindern. Wir verwenden geeignete technische und organisatorische Sicherheitsma\u00dfnahmen, um Ihre personenbezogenen Daten vor unbefugtem Zugriff, Verlust oder Verwendung zu sch\u00fctzen.<\/p><p><span style=\"text-decoration: underline;\">Offenlegung pers\u00f6nlicher Informationen<\/span><\/p><p>Wir werden Ihre pers\u00f6nlichen Daten ohne Ihre Zustimmung nicht an Dritte weitergeben, es sei denn, dies ist gesetzlich vorgeschrieben oder notwendig, um die von Ihnen angeforderten Dienstleistungen zu erbringen.<\/p><p><span style=\"text-decoration: underline;\">Cookies<\/span><\/p><p>Wir verwenden Cookies, um die Nutzererfahrung auf unserer Website zu verbessern. Cookies sind kleine Dateien, die auf Ihrem Computer gespeichert werden und die es unserer Website erm\u00f6glichen, Sie bei sp\u00e4teren Besuchen wiederzuerkennen. Sie finden alle Informationen \u00fcber <a href=\"https:\/\/andreasalondebienetre.ch\/de\/contact\/\">die gewidmete Seite<\/a>.<\/p><p><span style=\"text-decoration: underline;\">Postanschrift und Kontakt-E-Mail-Adresse<\/span><\/p><p>Wenn Sie sich per E-Mail oder Post an uns wenden, verwenden wir Ihre E-Mail-Adresse oder Postanschrift, um Ihre Anfrage zu beantworten. Wir werden Ihre E-Mail-Adresse oder Postanschrift nicht ohne Ihre Zustimmung an Dritte weitergeben.<\/p><p><span style=\"text-decoration: underline;\">\u00c4nderung der Datenschutzrichtlinie<\/span><\/p><p>Wir k\u00f6nnen diese Datenschutzrichtlinie jederzeit \u00e4ndern. Wir empfehlen Ihnen, diese Datenschutzrichtlinie regelm\u00e4\u00dfig zu \u00fcberpr\u00fcfen, um sicherzustellen, dass Sie \u00fcber die neuesten \u00c4nderungen informiert sind.<\/p><p><span style=\"text-decoration: underline;\">Kontakt<\/span><\/p><p>Wenn Sie Fragen oder Bedenken zu unserer Datenschutzrichtlinie haben, kontaktieren Sie uns bitte unter der folgenden E-Mail-Adresse: <a href=\"mailto:contact@andreasalondebienetre.ch\" target=\"_new\">contact@andreasalondebienetre.ch<\/a>.<\/p><p>Vielen Dank f\u00fcr Ihr Vertrauen und Ihre Wahl.<\/p>\t\t\t\t\t\t\t\t<\/div>\n\t\t\t\t<\/div>\n\t\t\t\t\t<\/div>\n\t\t<\/div>\n\t\t\t\t\t<\/div>\n\t\t<\/section>\n\t\t\t\t<\/div>","protected":false},"excerpt":{"rendered":"<p>Richtlinie zum Schutz der Privatsph\u00e4re. Wir bei \u00c2ndrea Semblano verpflichten uns, Ihre Privatsph\u00e4re zu sch\u00fctzen und die Sicherheit Ihrer pers\u00f6nlichen Daten zu gew\u00e4hrleisten. Diese Datenschutzrichtlinie beschreibt, wie wir die Informationen, die Sie uns beim Besuch unserer Website und der Nutzung unserer Dienste zur Verf\u00fcgung stellen, sammeln, verwenden und sch\u00fctzen. Erfassung pers\u00f6nlicher Daten Wenn Sie [...].<\/p>","protected":false},"author":1,"featured_media":0,"parent":0,"menu_order":0,"comment_status":"closed","ping_status":"closed","template":"","meta":{"footnotes":""},"class_list":["post-307","page","type-page","status-publish","hentry"],"aioseo_notices":[],"_links":{"self":[{"href":"https:\/\/andreasalondebienetre.ch\/de\/wp-json\/wp\/v2\/pages\/307","targetHints":{"allow":["GET"]}}],"collection":[{"href":"https:\/\/andreasalondebienetre.ch\/de\/wp-json\/wp\/v2\/pages"}],"about":[{"href":"https:\/\/andreasalondebienetre.ch\/de\/wp-json\/wp\/v2\/types\/page"}],"author":[{"embeddable":true,"href":"https:\/\/andreasalondebienetre.ch\/de\/wp-json\/wp\/v2\/users\/1"}],"replies":[{"embeddable":true,"href":"https:\/\/andreasalondebienetre.ch\/de\/wp-json\/wp\/v2\/comments?post=307"}],"version-history":[{"count":10,"href":"https:\/\/andreasalondebienetre.ch\/de\/wp-json\/wp\/v2\/pages\/307\/revisions"}],"predecessor-version":[{"id":459,"href":"https:\/\/andreasalondebienetre.ch\/de\/wp-json\/wp\/v2\/pages\/307\/revisions\/459"}],"wp:attachment":[{"href":"https:\/\/andreasalondebienetre.ch\/de\/wp-json\/wp\/v2\/media?parent=307"}],"curies":[{"name":"wp","href":"https:\/\/api.w.org\/{rel}","templated":true}]}}